{"id":857,"date":"2024-08-07T07:55:20","date_gmt":"2024-08-07T07:55:20","guid":{"rendered":"https:\/\/www.talento-stem.es\/?page_id=857"},"modified":"2024-09-23T07:54:54","modified_gmt":"2024-09-23T07:54:54","slug":"circular-games","status":"publish","type":"page","link":"https:\/\/www.talento-stem.es\/index.php\/circular-games\/","title":{"rendered":"Circular game"},"content":{"rendered":"\n<div class=\"wp-block-cover alignfull\"><span aria-hidden=\"true\" class=\"wp-block-cover__background has-background-dim-80 has-background-dim\" style=\"background-color:#524e4f\"><\/span><img loading=\"lazy\" decoding=\"async\" width=\"2560\" height=\"1707\" class=\"wp-block-cover__image-background wp-image-1076\" alt=\"\" src=\"https:\/\/www.talento-stem.es\/wp-content\/uploads\/2024\/09\/alexey-savchenko-k4Akpt5-Sfk-unsplash-scaled.jpg\" style=\"object-position:78% 51%\" data-object-fit=\"cover\" data-object-position=\"78% 51%\" srcset=\"https:\/\/www.talento-stem.es\/wp-content\/uploads\/2024\/09\/alexey-savchenko-k4Akpt5-Sfk-unsplash-scaled.jpg 2560w, https:\/\/www.talento-stem.es\/wp-content\/uploads\/2024\/09\/alexey-savchenko-k4Akpt5-Sfk-unsplash-300x200.jpg 300w, https:\/\/www.talento-stem.es\/wp-content\/uploads\/2024\/09\/alexey-savchenko-k4Akpt5-Sfk-unsplash-1024x683.jpg 1024w, https:\/\/www.talento-stem.es\/wp-content\/uploads\/2024\/09\/alexey-savchenko-k4Akpt5-Sfk-unsplash-768x512.jpg 768w, https:\/\/www.talento-stem.es\/wp-content\/uploads\/2024\/09\/alexey-savchenko-k4Akpt5-Sfk-unsplash-1536x1024.jpg 1536w, https:\/\/www.talento-stem.es\/wp-content\/uploads\/2024\/09\/alexey-savchenko-k4Akpt5-Sfk-unsplash-2048x1366.jpg 2048w, https:\/\/www.talento-stem.es\/wp-content\/uploads\/2024\/09\/alexey-savchenko-k4Akpt5-Sfk-unsplash-600x400.jpg 600w, https:\/\/www.talento-stem.es\/wp-content\/uploads\/2024\/09\/alexey-savchenko-k4Akpt5-Sfk-unsplash-1200x800.jpg 1200w, https:\/\/www.talento-stem.es\/wp-content\/uploads\/2024\/09\/alexey-savchenko-k4Akpt5-Sfk-unsplash-1980x1320.jpg 1980w\" sizes=\"auto, (max-width: 2560px) 100vw, 2560px\" \/><div class=\"wp-block-cover__inner-container is-layout-constrained wp-block-cover-is-layout-constrained\">\n<h5 class=\"wp-block-heading has-text-align-center has-large-font-size\">Circular Game<\/h5>\n<\/div><\/div>\n\n\n\n<div style=\"height:23px\" aria-hidden=\"true\" class=\"wp-block-spacer\"><\/div>\n\n\n\n<div class=\"wp-block-columns alignwide is-layout-flex wp-container-core-columns-is-layout-9d6595d7 wp-block-columns-is-layout-flex\">\n<div class=\"wp-block-column is-vertically-aligned-center is-layout-flow wp-block-column-is-layout-flow\"><div class=\"wp-block-image\">\n<figure class=\"aligncenter size-full\"><img loading=\"lazy\" decoding=\"async\" width=\"460\" height=\"268\" src=\"http:\/\/www.talento-stem.es\/wp-content\/uploads\/2024\/09\/Captura-de-pantalla-2024-09-11-162110.png\" alt=\"\" class=\"wp-image-1085\" srcset=\"https:\/\/www.talento-stem.es\/wp-content\/uploads\/2024\/09\/Captura-de-pantalla-2024-09-11-162110.png 460w, https:\/\/www.talento-stem.es\/wp-content\/uploads\/2024\/09\/Captura-de-pantalla-2024-09-11-162110-300x175.png 300w\" sizes=\"auto, (max-width: 460px) 100vw, 460px\" \/><\/figure>\n<\/div><\/div>\n\n\n\n<div class=\"wp-block-column is-vertically-aligned-center is-layout-flow wp-block-column-is-layout-flow\">\n<h5 class=\"wp-block-heading has-text-align-center has-secondary-color has-text-color has-link-color has-small-font-size wp-elements-7a4392c101320f4dafe75efac0f4f4fe\"><strong>Circular Game es un innovador proyecto fruto de la colaboraci\u00f3n entre Primafr\u00edo y Talento Steam. Econom\u00eda circular y programaci\u00f3n de videojuegos se unen en una experiencia \u00fanica para los participantes. Creatividad, an\u00e1lisis de problemas y propuesta de soluciones comparten espacio en el desarrollo del videojuego.<\/strong><\/h5>\n<\/div>\n\n\n\n<div class=\"wp-block-column is-vertically-aligned-center is-layout-flow wp-block-column-is-layout-flow\"><div class=\"wp-block-image\">\n<figure class=\"aligncenter size-full\"><img loading=\"lazy\" decoding=\"async\" width=\"318\" height=\"159\" src=\"https:\/\/www.talento-stem.es\/wp-content\/uploads\/2024\/09\/images.png\" alt=\"\" class=\"wp-image-1096\" srcset=\"https:\/\/www.talento-stem.es\/wp-content\/uploads\/2024\/09\/images.png 318w, https:\/\/www.talento-stem.es\/wp-content\/uploads\/2024\/09\/images-300x150.png 300w\" sizes=\"auto, (max-width: 318px) 100vw, 318px\" \/><\/figure>\n<\/div><\/div>\n<\/div>\n\n\n\n<div style=\"height:43px\" aria-hidden=\"true\" class=\"wp-block-spacer\"><\/div>\n\n\n\n<div class=\"wp-block-columns alignwide are-vertically-aligned-center is-layout-flex wp-container-core-columns-is-layout-9d6595d7 wp-block-columns-is-layout-flex\">\n<div class=\"wp-block-column is-vertically-aligned-center is-layout-flow wp-block-column-is-layout-flow\" style=\"flex-basis:100%\">\n<p class=\"has-text-align-center has-secondary-color has-text-color has-link-color has-small-font-size wp-elements-bb7280c7d10c7c4380ffb8fdd95452e5\">En la \u00faltima edici\u00f3n se evaluaron&nbsp;<strong>m\u00e1s de 70 videojuegos<\/strong>, de los que salieron&nbsp;<strong>tres ganadores&nbsp; de cada rango de edad<\/strong>&nbsp;bajo las&nbsp;<strong>categor\u00edas<\/strong>&nbsp;de \u00abMayor Impacto Social en Econom\u00eda Circular\u00bb, \u00abMejor Desarrollo T\u00e9cnico y Jugabilidad\u00bb y \u00abMejor Dise\u00f1o Visual y Creativo\u00bb.<\/p>\n<\/div>\n\n\n\n<div class=\"wp-block-column is-layout-flow wp-block-column-is-layout-flow\"><\/div>\n<\/div>\n\n\n\n<figure class=\"wp-block-image alignwide size-large\"><img loading=\"lazy\" decoding=\"async\" width=\"1920\" height=\"1080\" src=\"https:\/\/www.talento-stem.es\/wp-content\/uploads\/2024\/09\/fotopremios-1-edited.jpg\" alt=\"\" class=\"wp-image-1093\" srcset=\"https:\/\/www.talento-stem.es\/wp-content\/uploads\/2024\/09\/fotopremios-1-edited.jpg 1920w, https:\/\/www.talento-stem.es\/wp-content\/uploads\/2024\/09\/fotopremios-1-edited-300x169.jpg 300w, https:\/\/www.talento-stem.es\/wp-content\/uploads\/2024\/09\/fotopremios-1-edited-1024x576.jpg 1024w, https:\/\/www.talento-stem.es\/wp-content\/uploads\/2024\/09\/fotopremios-1-edited-768x432.jpg 768w, https:\/\/www.talento-stem.es\/wp-content\/uploads\/2024\/09\/fotopremios-1-edited-1536x864.jpg 1536w, https:\/\/www.talento-stem.es\/wp-content\/uploads\/2024\/09\/fotopremios-1-edited-1200x675.jpg 1200w\" sizes=\"auto, (max-width: 1920px) 100vw, 1920px\" \/><\/figure>\n\n\n\n<div class=\"wp-block-columns alignwide is-layout-flex wp-container-core-columns-is-layout-9d6595d7 wp-block-columns-is-layout-flex\">\n<div class=\"wp-block-column is-vertically-aligned-center is-layout-flow wp-block-column-is-layout-flow\" style=\"flex-basis:100%\">\n<p class=\"has-text-align-center\"><\/p>\n\n\n\n<div class=\"wp-block-group alignwide\"><div class=\"wp-block-group__inner-container is-layout-constrained wp-block-group-is-layout-constrained\">\n<div class=\"wp-block-columns alignwide is-layout-flex wp-container-core-columns-is-layout-9d6595d7 wp-block-columns-is-layout-flex\">\n<div class=\"wp-block-column is-vertically-aligned-center is-layout-flow wp-block-column-is-layout-flow\">\n<p class=\"has-text-align-center has-secondary-color has-text-color has-link-color has-small-font-size wp-elements-457eca70e3b7b50ed234d81529c0c0ff\">Los videojuegos creados por el alumnado&nbsp;fueron e<strong>valuados rigurosamente por un panel de personas expertas<\/strong>&nbsp;en el sector. El jurado qued\u00f3 impresionado por el&nbsp;<strong>talento y la dedicaci\u00f3n<\/strong>&nbsp;del alumnado participante, y elogi\u00f3 la&nbsp;<strong>creatividad y originalidad<\/strong>&nbsp;de todos los proyectos presentados.<\/p>\n<\/div>\n<\/div>\n<\/div><\/div>\n<\/div>\n\n\n\n<div class=\"wp-block-column is-layout-flow wp-block-column-is-layout-flow\"><\/div>\n<\/div>\n\n\n\n<div style=\"height:35px\" aria-hidden=\"true\" class=\"wp-block-spacer\"><\/div>\n\n\n\n<h5 class=\"wp-block-heading has-text-align-center has-larger-font-size\">Objetivos del proyecto<\/h5>\n\n\n\n<div class=\"wp-block-columns alignwide are-vertically-aligned-center has-background is-layout-flex wp-container-core-columns-is-layout-9d6595d7 wp-block-columns-is-layout-flex\" style=\"background-color:#e7caab\">\n<div class=\"wp-block-column is-vertically-aligned-center is-layout-flow wp-block-column-is-layout-flow\" style=\"flex-basis:50%\">\n<figure class=\"wp-block-image size-full is-resized\"><img loading=\"lazy\" decoding=\"async\" width=\"428\" height=\"426\" src=\"https:\/\/www.talento-stem.es\/wp-content\/uploads\/2024\/09\/18041_circulargame_thumb_760-1.jpg\" alt=\"\" class=\"wp-image-1097\" style=\"width:470px\" srcset=\"https:\/\/www.talento-stem.es\/wp-content\/uploads\/2024\/09\/18041_circulargame_thumb_760-1.jpg 428w, https:\/\/www.talento-stem.es\/wp-content\/uploads\/2024\/09\/18041_circulargame_thumb_760-1-300x300.jpg 300w, https:\/\/www.talento-stem.es\/wp-content\/uploads\/2024\/09\/18041_circulargame_thumb_760-1-150x150.jpg 150w\" sizes=\"auto, (max-width: 428px) 100vw, 428px\" \/><figcaption class=\"wp-element-caption\">.<\/figcaption><\/figure>\n<\/div>\n\n\n\n<div class=\"wp-block-column is-vertically-aligned-center is-layout-flow wp-block-column-is-layout-flow\" style=\"flex-basis:50%\">\n<p class=\"has-text-align-left has-normal-font-size\"><strong>Concienciar sobre la Econom\u00eda Circular<\/strong><\/p>\n\n\n\n<p class=\"has-text-align-left has-small-font-size\">Actividad enfocada al conocimiento e integraci\u00f3n de los conceptos principales de la econom\u00eda circular en la vida diaria de los escolares de la Regi\u00f3n de Murcia.<\/p>\n\n\n\n<p class=\"has-text-align-left has-normal-font-size\"><strong>Concurso<\/strong> <strong>de videojuegos<\/strong><\/p>\n\n\n\n<p class=\"has-text-align-left has-small-font-size\">El desarrollo de videojuegos ofrece una experiencia educativa atractiva, involucrando a los estudiantes en actividades pr\u00e1cticas y reflexivas que promueven el aprendizaje activo.<\/p>\n\n\n\n<p class=\"has-text-align-left has-small-font-size\"><\/p>\n\n\n\n<p class=\"has-text-align-left has-normal-font-size\"><strong>Desarrollar Habilidades en el \u00c1mbito Sostenible<\/strong><\/p>\n\n\n\n<p class=\"has-text-align-left has-small-font-size\">Fomentar el pensamiento cr\u00edtico, la toma de decisiones responsables, el aprendizaje y la propuesta de soluciones.<\/p>\n<\/div>\n<\/div>\n\n\n\n<div style=\"height:29px\" aria-hidden=\"true\" class=\"wp-block-spacer\"><\/div>\n\n\n\n<div class=\"wp-block-columns alignfull are-vertically-aligned-center has-primary-background-color has-background is-layout-flex wp-container-core-columns-is-layout-9d6595d7 wp-block-columns-is-layout-flex\">\n<div class=\"wp-block-column is-vertically-aligned-center is-layout-flow wp-block-column-is-layout-flow\"><div class=\"wp-block-image\">\n<figure class=\"aligncenter size-full is-resized\"><img loading=\"lazy\" decoding=\"async\" width=\"578\" height=\"387\" src=\"https:\/\/www.talento-stem.es\/wp-content\/uploads\/2024\/09\/primafrio_stem.jpg\" alt=\"\" class=\"wp-image-1102\" style=\"aspect-ratio:4\/3;object-fit:cover;width:612px;height:auto\" srcset=\"https:\/\/www.talento-stem.es\/wp-content\/uploads\/2024\/09\/primafrio_stem.jpg 578w, https:\/\/www.talento-stem.es\/wp-content\/uploads\/2024\/09\/primafrio_stem-300x201.jpg 300w\" sizes=\"auto, (max-width: 578px) 100vw, 578px\" \/><\/figure>\n<\/div><\/div>\n<\/div>\n\n\n\n<div style=\"height:100px\" aria-hidden=\"true\" class=\"wp-block-spacer\"><\/div>\n\n\n<div class=\"wp-block-image\">\n<figure class=\"aligncenter size-full is-resized\"><a href=\"https:\/\/www.talento-stem.es\/\"><img loading=\"lazy\" decoding=\"async\" width=\"338\" height=\"105\" src=\"http:\/\/www.talento-stem.es\/wp-content\/uploads\/2024\/08\/cropped-Recurso-1.png\" alt=\"\" class=\"wp-image-620\" style=\"width:210px\" srcset=\"https:\/\/www.talento-stem.es\/wp-content\/uploads\/2024\/08\/cropped-Recurso-1.png 338w, https:\/\/www.talento-stem.es\/wp-content\/uploads\/2024\/08\/cropped-Recurso-1-300x93.png 300w\" sizes=\"auto, (max-width: 338px) 100vw, 338px\" \/><\/a><\/figure>\n<\/div>\n\n\n<p><\/p>\n","protected":false},"excerpt":{"rendered":"<p>Circular Game es un innovador proyecto fruto de la colaboraci\u00f3n entre Primafr\u00edo y Talento Steam. Econom\u00eda circular y programaci\u00f3n de videojuegos se unen en una experiencia \u00fanica para los participantes. [&hellip;]<\/p>\n","protected":false},"author":1,"featured_media":0,"parent":0,"menu_order":0,"comment_status":"closed","ping_status":"closed","template":"","meta":{"footnotes":""},"class_list":["post-857","page","type-page","status-publish","hentry"],"featured_image_src":null,"featured_image_src_square":null,"_links":{"self":[{"href":"https:\/\/www.talento-stem.es\/index.php\/wp-json\/wp\/v2\/pages\/857","targetHints":{"allow":["GET"]}}],"collection":[{"href":"https:\/\/www.talento-stem.es\/index.php\/wp-json\/wp\/v2\/pages"}],"about":[{"href":"https:\/\/www.talento-stem.es\/index.php\/wp-json\/wp\/v2\/types\/page"}],"author":[{"embeddable":true,"href":"https:\/\/www.talento-stem.es\/index.php\/wp-json\/wp\/v2\/users\/1"}],"replies":[{"embeddable":true,"href":"https:\/\/www.talento-stem.es\/index.php\/wp-json\/wp\/v2\/comments?post=857"}],"version-history":[{"count":11,"href":"https:\/\/www.talento-stem.es\/index.php\/wp-json\/wp\/v2\/pages\/857\/revisions"}],"predecessor-version":[{"id":1136,"href":"https:\/\/www.talento-stem.es\/index.php\/wp-json\/wp\/v2\/pages\/857\/revisions\/1136"}],"wp:attachment":[{"href":"https:\/\/www.talento-stem.es\/index.php\/wp-json\/wp\/v2\/media?parent=857"}],"curies":[{"name":"wp","href":"https:\/\/api.w.org\/{rel}","templated":true}]}}