{"id":212,"date":"2024-07-22T09:44:03","date_gmt":"2024-07-22T09:44:03","guid":{"rendered":"https:\/\/www.talento-stem.es\/?page_id=212"},"modified":"2024-09-23T07:55:42","modified_gmt":"2024-09-23T07:55:42","slug":"eventos","status":"publish","type":"page","link":"https:\/\/www.talento-stem.es\/index.php\/eventos\/","title":{"rendered":"\u00daltimos eventos"},"content":{"rendered":"\n<div class=\"wp-block-cover alignfull\"><span aria-hidden=\"true\" class=\"wp-block-cover__background has-primary-background-color has-background-dim-80 has-background-dim\"><\/span><img loading=\"lazy\" decoding=\"async\" width=\"2483\" height=\"1016\" class=\"wp-block-cover__image-background wp-image-568\" alt=\"\" src=\"http:\/\/www.talento-stem.es\/wp-content\/uploads\/2024\/08\/Tecnovation-2024-201-PEQ2.jpg\" data-object-fit=\"cover\" srcset=\"https:\/\/www.talento-stem.es\/wp-content\/uploads\/2024\/08\/Tecnovation-2024-201-PEQ2.jpg 2483w, https:\/\/www.talento-stem.es\/wp-content\/uploads\/2024\/08\/Tecnovation-2024-201-PEQ2-300x123.jpg 300w, https:\/\/www.talento-stem.es\/wp-content\/uploads\/2024\/08\/Tecnovation-2024-201-PEQ2-1024x419.jpg 1024w, https:\/\/www.talento-stem.es\/wp-content\/uploads\/2024\/08\/Tecnovation-2024-201-PEQ2-768x314.jpg 768w, https:\/\/www.talento-stem.es\/wp-content\/uploads\/2024\/08\/Tecnovation-2024-201-PEQ2-1536x629.jpg 1536w, https:\/\/www.talento-stem.es\/wp-content\/uploads\/2024\/08\/Tecnovation-2024-201-PEQ2-2048x838.jpg 2048w, https:\/\/www.talento-stem.es\/wp-content\/uploads\/2024\/08\/Tecnovation-2024-201-PEQ2-1200x491.jpg 1200w, https:\/\/www.talento-stem.es\/wp-content\/uploads\/2024\/08\/Tecnovation-2024-201-PEQ2-1980x810.jpg 1980w\" sizes=\"auto, (max-width: 2483px) 100vw, 2483px\" \/><div class=\"wp-block-cover__inner-container is-layout-constrained wp-block-cover-is-layout-constrained\">\n<h3 class=\"wp-block-heading alignwide has-text-align-center has-normal-font-size\">Technovation Girls Regi\u00f3n de Murcia 2024: Inspirando a las l\u00edderes e innovadoras del futuro<\/h3>\n<\/div><\/div>\n\n\n\n<p class=\"has-text-align-center has-secondary-color has-text-color has-link-color has-normal-font-size wp-elements-c22b88887807ecacf54408d5fb1509b1\">25 de Mayo de 2024<\/p>\n\n\n\n<figure class=\"wp-block-gallery alignwide has-nested-images columns-default is-cropped has-background-background-color has-background wp-block-gallery-1 is-layout-flex wp-block-gallery-is-layout-flex\">\n<figure class=\"wp-block-image size-large\"><img loading=\"lazy\" decoding=\"async\" width=\"1024\" height=\"683\" data-id=\"563\" src=\"https:\/\/www.talento-stem.es\/wp-content\/uploads\/2024\/08\/Tecnovation-2024-233-PEQ-1024x683.jpg\" alt=\"\" class=\"wp-image-563\" srcset=\"https:\/\/www.talento-stem.es\/wp-content\/uploads\/2024\/08\/Tecnovation-2024-233-PEQ-1024x683.jpg 1024w, https:\/\/www.talento-stem.es\/wp-content\/uploads\/2024\/08\/Tecnovation-2024-233-PEQ-300x200.jpg 300w, https:\/\/www.talento-stem.es\/wp-content\/uploads\/2024\/08\/Tecnovation-2024-233-PEQ-768x512.jpg 768w, https:\/\/www.talento-stem.es\/wp-content\/uploads\/2024\/08\/Tecnovation-2024-233-PEQ-1536x1024.jpg 1536w, https:\/\/www.talento-stem.es\/wp-content\/uploads\/2024\/08\/Tecnovation-2024-233-PEQ-2048x1365.jpg 2048w, https:\/\/www.talento-stem.es\/wp-content\/uploads\/2024\/08\/Tecnovation-2024-233-PEQ-600x400.jpg 600w, https:\/\/www.talento-stem.es\/wp-content\/uploads\/2024\/08\/Tecnovation-2024-233-PEQ-1200x800.jpg 1200w, https:\/\/www.talento-stem.es\/wp-content\/uploads\/2024\/08\/Tecnovation-2024-233-PEQ-1980x1320.jpg 1980w\" sizes=\"auto, (max-width: 1024px) 100vw, 1024px\" \/><\/figure>\n\n\n\n<figure class=\"wp-block-image size-large\"><img loading=\"lazy\" decoding=\"async\" width=\"1024\" height=\"768\" data-id=\"530\" src=\"https:\/\/www.talento-stem.es\/wp-content\/uploads\/2024\/08\/Tecnovation-2024-179-PEQ-1024x768.jpg\" alt=\"\" class=\"wp-image-530\" srcset=\"https:\/\/www.talento-stem.es\/wp-content\/uploads\/2024\/08\/Tecnovation-2024-179-PEQ-1024x768.jpg 1024w, https:\/\/www.talento-stem.es\/wp-content\/uploads\/2024\/08\/Tecnovation-2024-179-PEQ-300x225.jpg 300w, https:\/\/www.talento-stem.es\/wp-content\/uploads\/2024\/08\/Tecnovation-2024-179-PEQ-768x576.jpg 768w, https:\/\/www.talento-stem.es\/wp-content\/uploads\/2024\/08\/Tecnovation-2024-179-PEQ-1536x1152.jpg 1536w, https:\/\/www.talento-stem.es\/wp-content\/uploads\/2024\/08\/Tecnovation-2024-179-PEQ-2048x1536.jpg 2048w, https:\/\/www.talento-stem.es\/wp-content\/uploads\/2024\/08\/Tecnovation-2024-179-PEQ-1200x900.jpg 1200w, https:\/\/www.talento-stem.es\/wp-content\/uploads\/2024\/08\/Tecnovation-2024-179-PEQ-1980x1485.jpg 1980w\" sizes=\"auto, (max-width: 1024px) 100vw, 1024px\" \/><\/figure>\n\n\n\n<figure class=\"wp-block-image size-large\"><img loading=\"lazy\" decoding=\"async\" width=\"1024\" height=\"683\" data-id=\"524\" src=\"https:\/\/www.talento-stem.es\/wp-content\/uploads\/2024\/08\/Tecnovation-2024-260-PEQ-1024x683.jpg\" alt=\"\" class=\"wp-image-524\" srcset=\"https:\/\/www.talento-stem.es\/wp-content\/uploads\/2024\/08\/Tecnovation-2024-260-PEQ-1024x683.jpg 1024w, https:\/\/www.talento-stem.es\/wp-content\/uploads\/2024\/08\/Tecnovation-2024-260-PEQ-300x200.jpg 300w, https:\/\/www.talento-stem.es\/wp-content\/uploads\/2024\/08\/Tecnovation-2024-260-PEQ-768x512.jpg 768w, https:\/\/www.talento-stem.es\/wp-content\/uploads\/2024\/08\/Tecnovation-2024-260-PEQ-1536x1024.jpg 1536w, https:\/\/www.talento-stem.es\/wp-content\/uploads\/2024\/08\/Tecnovation-2024-260-PEQ-2048x1365.jpg 2048w, https:\/\/www.talento-stem.es\/wp-content\/uploads\/2024\/08\/Tecnovation-2024-260-PEQ-600x400.jpg 600w, https:\/\/www.talento-stem.es\/wp-content\/uploads\/2024\/08\/Tecnovation-2024-260-PEQ-1200x800.jpg 1200w, https:\/\/www.talento-stem.es\/wp-content\/uploads\/2024\/08\/Tecnovation-2024-260-PEQ-1980x1320.jpg 1980w\" sizes=\"auto, (max-width: 1024px) 100vw, 1024px\" \/><\/figure>\n\n\n\n<figure class=\"wp-block-image size-large\"><img loading=\"lazy\" decoding=\"async\" width=\"1024\" height=\"683\" data-id=\"564\" src=\"https:\/\/www.talento-stem.es\/wp-content\/uploads\/2024\/08\/Tecnovation-2024-201-PEQ-2-1024x683.jpg\" alt=\"\" class=\"wp-image-564\" srcset=\"https:\/\/www.talento-stem.es\/wp-content\/uploads\/2024\/08\/Tecnovation-2024-201-PEQ-2-1024x683.jpg 1024w, https:\/\/www.talento-stem.es\/wp-content\/uploads\/2024\/08\/Tecnovation-2024-201-PEQ-2-300x200.jpg 300w, https:\/\/www.talento-stem.es\/wp-content\/uploads\/2024\/08\/Tecnovation-2024-201-PEQ-2-768x512.jpg 768w, https:\/\/www.talento-stem.es\/wp-content\/uploads\/2024\/08\/Tecnovation-2024-201-PEQ-2-1536x1024.jpg 1536w, https:\/\/www.talento-stem.es\/wp-content\/uploads\/2024\/08\/Tecnovation-2024-201-PEQ-2-2048x1365.jpg 2048w, https:\/\/www.talento-stem.es\/wp-content\/uploads\/2024\/08\/Tecnovation-2024-201-PEQ-2-600x400.jpg 600w, https:\/\/www.talento-stem.es\/wp-content\/uploads\/2024\/08\/Tecnovation-2024-201-PEQ-2-1200x800.jpg 1200w, https:\/\/www.talento-stem.es\/wp-content\/uploads\/2024\/08\/Tecnovation-2024-201-PEQ-2-1980x1320.jpg 1980w\" sizes=\"auto, (max-width: 1024px) 100vw, 1024px\" \/><\/figure>\n\n\n\n<figure class=\"wp-block-image size-large\"><img loading=\"lazy\" decoding=\"async\" width=\"1024\" height=\"683\" data-id=\"525\" src=\"https:\/\/www.talento-stem.es\/wp-content\/uploads\/2024\/08\/Tecnovation-2024-24-PEQ-1024x683.jpg\" alt=\"\" class=\"wp-image-525\" srcset=\"https:\/\/www.talento-stem.es\/wp-content\/uploads\/2024\/08\/Tecnovation-2024-24-PEQ-1024x683.jpg 1024w, https:\/\/www.talento-stem.es\/wp-content\/uploads\/2024\/08\/Tecnovation-2024-24-PEQ-300x200.jpg 300w, https:\/\/www.talento-stem.es\/wp-content\/uploads\/2024\/08\/Tecnovation-2024-24-PEQ-768x512.jpg 768w, https:\/\/www.talento-stem.es\/wp-content\/uploads\/2024\/08\/Tecnovation-2024-24-PEQ-1536x1024.jpg 1536w, https:\/\/www.talento-stem.es\/wp-content\/uploads\/2024\/08\/Tecnovation-2024-24-PEQ-2048x1365.jpg 2048w, https:\/\/www.talento-stem.es\/wp-content\/uploads\/2024\/08\/Tecnovation-2024-24-PEQ-600x400.jpg 600w, https:\/\/www.talento-stem.es\/wp-content\/uploads\/2024\/08\/Tecnovation-2024-24-PEQ-1200x800.jpg 1200w, https:\/\/www.talento-stem.es\/wp-content\/uploads\/2024\/08\/Tecnovation-2024-24-PEQ-1980x1320.jpg 1980w\" sizes=\"auto, (max-width: 1024px) 100vw, 1024px\" \/><\/figure>\n\n\n\n<figure class=\"wp-block-image size-large\"><img loading=\"lazy\" decoding=\"async\" width=\"1024\" height=\"683\" data-id=\"527\" src=\"https:\/\/www.talento-stem.es\/wp-content\/uploads\/2024\/08\/Tecnovation-2024-208-PEQ-1024x683.jpg\" alt=\"\" class=\"wp-image-527\" srcset=\"https:\/\/www.talento-stem.es\/wp-content\/uploads\/2024\/08\/Tecnovation-2024-208-PEQ-1024x683.jpg 1024w, https:\/\/www.talento-stem.es\/wp-content\/uploads\/2024\/08\/Tecnovation-2024-208-PEQ-300x200.jpg 300w, https:\/\/www.talento-stem.es\/wp-content\/uploads\/2024\/08\/Tecnovation-2024-208-PEQ-768x512.jpg 768w, https:\/\/www.talento-stem.es\/wp-content\/uploads\/2024\/08\/Tecnovation-2024-208-PEQ-1536x1024.jpg 1536w, https:\/\/www.talento-stem.es\/wp-content\/uploads\/2024\/08\/Tecnovation-2024-208-PEQ-2048x1365.jpg 2048w, https:\/\/www.talento-stem.es\/wp-content\/uploads\/2024\/08\/Tecnovation-2024-208-PEQ-600x400.jpg 600w, https:\/\/www.talento-stem.es\/wp-content\/uploads\/2024\/08\/Tecnovation-2024-208-PEQ-1200x800.jpg 1200w, https:\/\/www.talento-stem.es\/wp-content\/uploads\/2024\/08\/Tecnovation-2024-208-PEQ-1980x1320.jpg 1980w\" sizes=\"auto, (max-width: 1024px) 100vw, 1024px\" \/><\/figure>\n\n\n\n<figure class=\"wp-block-image size-large\"><img loading=\"lazy\" decoding=\"async\" width=\"1024\" height=\"683\" data-id=\"529\" src=\"https:\/\/www.talento-stem.es\/wp-content\/uploads\/2024\/08\/Tecnovation-2024-252-PEQ-1024x683.jpg\" alt=\"\" class=\"wp-image-529\" srcset=\"https:\/\/www.talento-stem.es\/wp-content\/uploads\/2024\/08\/Tecnovation-2024-252-PEQ-1024x683.jpg 1024w, https:\/\/www.talento-stem.es\/wp-content\/uploads\/2024\/08\/Tecnovation-2024-252-PEQ-300x200.jpg 300w, https:\/\/www.talento-stem.es\/wp-content\/uploads\/2024\/08\/Tecnovation-2024-252-PEQ-768x512.jpg 768w, https:\/\/www.talento-stem.es\/wp-content\/uploads\/2024\/08\/Tecnovation-2024-252-PEQ-1536x1024.jpg 1536w, https:\/\/www.talento-stem.es\/wp-content\/uploads\/2024\/08\/Tecnovation-2024-252-PEQ-2048x1365.jpg 2048w, https:\/\/www.talento-stem.es\/wp-content\/uploads\/2024\/08\/Tecnovation-2024-252-PEQ-600x400.jpg 600w, https:\/\/www.talento-stem.es\/wp-content\/uploads\/2024\/08\/Tecnovation-2024-252-PEQ-1200x800.jpg 1200w, https:\/\/www.talento-stem.es\/wp-content\/uploads\/2024\/08\/Tecnovation-2024-252-PEQ-1980x1320.jpg 1980w\" sizes=\"auto, (max-width: 1024px) 100vw, 1024px\" \/><\/figure>\n\n\n\n<figure class=\"wp-block-image size-large\"><img loading=\"lazy\" decoding=\"async\" width=\"1024\" height=\"512\" data-id=\"528\" src=\"https:\/\/www.talento-stem.es\/wp-content\/uploads\/2024\/08\/Tecnovation-2024-279-PEQ-1024x512.jpg\" alt=\"\" class=\"wp-image-528\" srcset=\"https:\/\/www.talento-stem.es\/wp-content\/uploads\/2024\/08\/Tecnovation-2024-279-PEQ-1024x512.jpg 1024w, https:\/\/www.talento-stem.es\/wp-content\/uploads\/2024\/08\/Tecnovation-2024-279-PEQ-300x150.jpg 300w, https:\/\/www.talento-stem.es\/wp-content\/uploads\/2024\/08\/Tecnovation-2024-279-PEQ-768x384.jpg 768w, https:\/\/www.talento-stem.es\/wp-content\/uploads\/2024\/08\/Tecnovation-2024-279-PEQ-1536x768.jpg 1536w, https:\/\/www.talento-stem.es\/wp-content\/uploads\/2024\/08\/Tecnovation-2024-279-PEQ-2048x1024.jpg 2048w, https:\/\/www.talento-stem.es\/wp-content\/uploads\/2024\/08\/Tecnovation-2024-279-PEQ-1200x600.jpg 1200w, https:\/\/www.talento-stem.es\/wp-content\/uploads\/2024\/08\/Tecnovation-2024-279-PEQ-1980x990.jpg 1980w\" sizes=\"auto, (max-width: 1024px) 100vw, 1024px\" \/><\/figure>\n<\/figure>\n\n\n\n<div class=\"wp-block-columns alignwide has-background-background-color has-background is-layout-flex wp-container-core-columns-is-layout-9d6595d7 wp-block-columns-is-layout-flex\">\n<div class=\"wp-block-column is-layout-flow wp-block-column-is-layout-flow\">\n<p class=\"has-text-align-center\">La Facultad de Inform\u00e1tica de la&nbsp;<strong>Universidad de Murcia&nbsp;<\/strong>acogi\u00f3 el pasado s\u00e1bado la edici\u00f3n 2024 de&nbsp;<strong>\u2018Technovation Girls\u2019<\/strong>, un programa de emprendimiento dise\u00f1ado para&nbsp;<strong>inspirar a ni\u00f1as y j\u00f3venes a convertirse en l\u00edderes e innovadoras del ma\u00f1ana<\/strong>. El evento reuni\u00f3 a varios grupos de ni\u00f1as de diferentes edades que compitieron presentando sus innovadoras ideas de negocio.<\/p>\n\n\n\n<p class=\"has-text-align-center\">Desde su inicio en 2008,&nbsp;<strong>\u2018Technovation Girls\u2019&nbsp;<\/strong>se ha desarrollado en la Regi\u00f3n de Murcia con la colaboraci\u00f3n del&nbsp;<strong>Instituto de Fomento (Info)<\/strong>, bajo la embajada de \u2018Talento STEM, Innovaci\u00f3n social para la igualdad y la diversidad\u2019.&nbsp;<strong>Desde entonces han participado en este programa 550 ni\u00f1as y 120 mentores<\/strong>.<\/p>\n<\/div>\n\n\n\n<div class=\"wp-block-column is-layout-flow wp-block-column-is-layout-flow\">\n<p class=\"has-text-align-center\"><strong>Talento STEM es una organizaci\u00f3n sin \u00e1nimo de lucro cuya misi\u00f3n es transformar la realidad social de la regi\u00f3n&nbsp;<\/strong>en relaci\u00f3n con la tecnolog\u00eda, promoviendo actividades, programas formativos y proyectos innovadores que desarrollen el talento STEM.<\/p>\n\n\n\n<p class=\"has-text-align-center\">Uno de los principales objetivos de Talento STEM es aumentar la presencia femenina en las ingenier\u00edas y carreras t\u00e9cnicas, adem\u00e1s de unir el mundo de la educaci\u00f3n con el sector profesional, promoviendo la igualdad y la diversidad.<\/p>\n<\/div>\n<\/div>\n\n\n\n<h4 class=\"wp-block-heading has-text-align-center\">Equipos premiados<\/h4>\n\n\n\n<div class=\"wp-block-columns alignwide has-background-background-color has-background is-layout-flex wp-container-core-columns-is-layout-9d6595d7 wp-block-columns-is-layout-flex\">\n<div class=\"wp-block-column is-layout-flow wp-block-column-is-layout-flow\">\n<div class=\"wp-block-group has-background\" style=\"background-color:#e7caab\"><div class=\"wp-block-group__inner-container is-layout-constrained wp-block-group-is-layout-constrained\">\n<p><strong>Programaci\u00f3n:<\/strong><\/p>\n\n\n\n<ul class=\"wp-block-list\">\n<li>Beginner: FIUM &#8211; Motivational Girls<\/li>\n\n\n\n<li>Junior: FIUM &#8211; Waihona<\/li>\n\n\n\n<li>Senior: FIUM &#8211; Almea&#8217;s crew<\/li>\n<\/ul>\n\n\n\n<p><strong>Impacto social:<\/strong><\/p>\n\n\n\n<ul class=\"wp-block-list\">\n<li>Beginner: Fundaci\u00f3n Primafrio &#8211; Blue Girls<\/li>\n\n\n\n<li>Junior:&nbsp;SABIC&nbsp;&#8211; Cybersparkles<\/li>\n\n\n\n<li>Senior:&nbsp;INFORGES&nbsp;&#8211; Voluncis \/ Iriscris<\/li>\n<\/ul>\n<\/div><\/div>\n<\/div>\n\n\n\n<div class=\"wp-block-column is-layout-flow wp-block-column-is-layout-flow\">\n<div class=\"wp-block-group has-background\" style=\"background-color:#e7caab\"><div class=\"wp-block-group__inner-container is-layout-constrained wp-block-group-is-layout-constrained\">\n<p><strong>Proyecto Global:<\/strong><\/p>\n\n\n\n<ul class=\"wp-block-list\">\n<li>Beginner:&nbsp;INFO&nbsp;&#8211; Motivational Girls<\/li>\n\n\n\n<li>Junior: INTEGRA &#8211; Kernel Code \/ Ecodai\u00f1y<\/li>\n\n\n\n<li>Senior: LEGITEC &#8211; Almea&#8217;s crew<\/li>\n<\/ul>\n\n\n\n<p><strong>People Choice:&nbsp;<\/strong>CAIXA- Violet Girls 2024<\/p>\n<\/div><\/div>\n<\/div>\n\n\n\n<div class=\"wp-block-column is-layout-flow wp-block-column-is-layout-flow\">\n<div class=\"wp-block-group has-background\" style=\"background-color:#e7caab\"><div class=\"wp-block-group__inner-container is-layout-constrained wp-block-group-is-layout-constrained\">\n<p><strong>Innovaci\u00f3n Tecnol\u00f3gica:<\/strong><\/p>\n\n\n\n<ul class=\"wp-block-list\">\n<li>1\u00ba: NTT Data &#8211; VDGirls<\/li>\n\n\n\n<li>2\u00ba: NTT Data &#8211; PowerFull Girls &#8211; San Isidoro&nbsp;El Algar<\/li>\n\n\n\n<li>3\u00ba: NTT Data &#8211; Tecnoschools &#8211; Focus &amp; Study<\/li>\n<\/ul>\n\n\n\n<p><strong>Idea Innovadora:&nbsp;<\/strong>FRECOM: The Animax<\/p>\n<\/div><\/div>\n<\/div>\n<\/div>\n\n\n\n<div class=\"wp-block-media-text alignfull has-media-on-the-right is-stacked-on-mobile has-background-background-color has-background\"><div class=\"wp-block-media-text__content\">\n<p class=\"has-text-align-center has-large-font-size\"><strong>Premio talento Stem<\/strong><\/p>\n\n\n\n<p class=\"has-text-align-center\">Talento STEM Otorga el \u2018Premio Talento STEM\u2019 a&nbsp;Atrade&nbsp;en la Edici\u00f3n 2024 de \u2018Technovation Girls\u2019<\/p>\n\n\n\n<p class=\"has-text-align-center\">La organizaci\u00f3n Talento STEM entreg\u00f3 a&nbsp;Astrade \u2018I Premio Talento STEM\u2019 durante la edici\u00f3n 2024 del evento \u2018Technovation Girls\u2019.&nbsp;Astrade&nbsp;ha sido reconocida por su liderazgo en la adopci\u00f3n y uso de la tecnolog\u00eda para generar un impacto positivo en la sociedad, particularmente en la mejora de la calidad de vida de las personas con autismo. Bajo el nombre &#8216;Astrade&nbsp;innovators&#8217;,&nbsp;Astrade&nbsp;present\u00f3 tres innovadores proyectos tecnol\u00f3gicos: BBMiradas, VirtualTEA y TEAForce.<\/p>\n\n\n\n<p class=\"has-text-align-center\">Javier Ruiz de la Torre, presidente de&nbsp;Astrade, destac\u00f3 que \u201cEn&nbsp;Astrade&nbsp;somos conscientes de la importancia de crecer y evolucionar a la vez que lo hace la tecnolog\u00eda. Creemos firmemente que la tecnolog\u00eda es un gran aliado para las personas con TEA y nuestro compromiso es claro con la innovaci\u00f3n y la transformaci\u00f3n\u201d.<\/p>\n<\/div><figure class=\"wp-block-media-text__media\"><img loading=\"lazy\" decoding=\"async\" width=\"1024\" height=\"683\" src=\"https:\/\/www.talento-stem.es\/wp-content\/uploads\/2024\/08\/Tecnovation-2024-248-PEQ-1-1-1024x683.jpg\" alt=\"\" class=\"wp-image-565 size-full\" srcset=\"https:\/\/www.talento-stem.es\/wp-content\/uploads\/2024\/08\/Tecnovation-2024-248-PEQ-1-1-1024x683.jpg 1024w, https:\/\/www.talento-stem.es\/wp-content\/uploads\/2024\/08\/Tecnovation-2024-248-PEQ-1-1-300x200.jpg 300w, https:\/\/www.talento-stem.es\/wp-content\/uploads\/2024\/08\/Tecnovation-2024-248-PEQ-1-1-768x512.jpg 768w, https:\/\/www.talento-stem.es\/wp-content\/uploads\/2024\/08\/Tecnovation-2024-248-PEQ-1-1-1536x1024.jpg 1536w, https:\/\/www.talento-stem.es\/wp-content\/uploads\/2024\/08\/Tecnovation-2024-248-PEQ-1-1-2048x1365.jpg 2048w, https:\/\/www.talento-stem.es\/wp-content\/uploads\/2024\/08\/Tecnovation-2024-248-PEQ-1-1-600x400.jpg 600w, https:\/\/www.talento-stem.es\/wp-content\/uploads\/2024\/08\/Tecnovation-2024-248-PEQ-1-1-1200x800.jpg 1200w, https:\/\/www.talento-stem.es\/wp-content\/uploads\/2024\/08\/Tecnovation-2024-248-PEQ-1-1-1980x1320.jpg 1980w\" sizes=\"auto, (max-width: 1024px) 100vw, 1024px\" \/><\/figure><\/div>\n\n\n\n<h2 class=\"wp-block-heading alignwide has-text-align-center has-large-font-size\">\u00a1Nos vamos a San Francisco!<\/h2>\n\n\n\n<div class=\"wp-block-group alignwide\"><div class=\"wp-block-group__inner-container is-layout-constrained wp-block-group-is-layout-constrained\">\n<div class=\"wp-block-columns alignwide is-layout-flex wp-container-core-columns-is-layout-9d6595d7 wp-block-columns-is-layout-flex\">\n<div class=\"wp-block-column is-vertically-aligned-top is-layout-flow wp-block-column-is-layout-flow\" style=\"flex-basis:100%\">\n<p class=\"has-text-align-center\"><br><br>El equipo de la regi\u00f3n de Murcia \u00abMotivacional Girls\u00bb ha sido seleccionado como finalista del prestigioso certamen mundial que se celebrar\u00e1 en San Francisco, donde competir\u00e1n con equipos de todo el mundo.<\/p>\n\n\n\n<figure class=\"wp-block-image alignwide size-large\"><img loading=\"lazy\" decoding=\"async\" width=\"1024\" height=\"576\" src=\"https:\/\/www.talento-stem.es\/wp-content\/uploads\/2024\/09\/image-4-1024x576.png\" alt=\"\" class=\"wp-image-1041\" srcset=\"https:\/\/www.talento-stem.es\/wp-content\/uploads\/2024\/09\/image-4-1024x576.png 1024w, https:\/\/www.talento-stem.es\/wp-content\/uploads\/2024\/09\/image-4-300x169.png 300w, https:\/\/www.talento-stem.es\/wp-content\/uploads\/2024\/09\/image-4-768x432.png 768w, https:\/\/www.talento-stem.es\/wp-content\/uploads\/2024\/09\/image-4-1536x864.png 1536w, https:\/\/www.talento-stem.es\/wp-content\/uploads\/2024\/09\/image-4-2048x1152.png 2048w, https:\/\/www.talento-stem.es\/wp-content\/uploads\/2024\/09\/image-4-1200x675.png 1200w, https:\/\/www.talento-stem.es\/wp-content\/uploads\/2024\/09\/image-4-1980x1114.png 1980w\" sizes=\"auto, (max-width: 1024px) 100vw, 1024px\" \/><figcaption class=\"wp-element-caption\">El equipo \u00abMotivacional Girls\u00bb ha desarrollado una innovadora aplicaci\u00f3n que detecta el estado de \u00e1nimo de los j\u00f3venes, contribuyendo a mejorar su salud mental.<\/figcaption><\/figure>\n<\/div>\n<\/div>\n\n\n\n<div style=\"height:19px\" aria-hidden=\"true\" class=\"wp-block-spacer\"><\/div>\n\n\n\n<div class=\"wp-block-columns alignwide are-vertically-aligned-center is-layout-flex wp-container-core-columns-is-layout-9d6595d7 wp-block-columns-is-layout-flex\">\n<div class=\"wp-block-column is-vertically-aligned-center is-layout-flow wp-block-column-is-layout-flow\" style=\"flex-basis:100%\">\n<p class=\"has-text-align-center has-primary-color has-text-color has-link-color wp-elements-eb5fb88d1f379bfdaaef7762c1243c04\"><strong>Estamos muy orgullosas de su talento, dedicaci\u00f3n y el impacto positivo que est\u00e1n generando en los j\u00f3venes <\/strong><\/p>\n\n\n\n<p class=\"has-text-align-center has-primary-color has-text-color has-link-color wp-elements-a4884767ca3d998105cc0f352a93caa0\"><strong>\u00a1A por San Francisco!<\/strong><\/p>\n<\/div>\n<\/div>\n<\/div><\/div>\n\n\n\n<div style=\"height:100px\" aria-hidden=\"true\" class=\"wp-block-spacer\"><\/div>\n\n\n<div class=\"wp-block-image\">\n<figure class=\"aligncenter size-full is-resized\"><a href=\"https:\/\/www.talento-stem.es\/\"><img loading=\"lazy\" decoding=\"async\" width=\"338\" height=\"105\" src=\"http:\/\/www.talento-stem.es\/wp-content\/uploads\/2024\/08\/cropped-Recurso-1.png\" alt=\"\" class=\"wp-image-620\" style=\"width:186px\" srcset=\"https:\/\/www.talento-stem.es\/wp-content\/uploads\/2024\/08\/cropped-Recurso-1.png 338w, https:\/\/www.talento-stem.es\/wp-content\/uploads\/2024\/08\/cropped-Recurso-1-300x93.png 300w\" sizes=\"auto, (max-width: 338px) 100vw, 338px\" \/><\/a><\/figure>\n<\/div>","protected":false},"excerpt":{"rendered":"<p>25 de Mayo de 2024 La Facultad de Inform\u00e1tica de la&nbsp;Universidad de Murcia&nbsp;acogi\u00f3 el pasado s\u00e1bado la edici\u00f3n 2024 de&nbsp;\u2018Technovation Girls\u2019, un programa de emprendimiento dise\u00f1ado para&nbsp;inspirar a ni\u00f1as y [&hellip;]<\/p>\n","protected":false},"author":1,"featured_media":0,"parent":0,"menu_order":0,"comment_status":"closed","ping_status":"closed","template":"","meta":{"footnotes":""},"class_list":["post-212","page","type-page","status-publish","hentry"],"featured_image_src":null,"featured_image_src_square":null,"_links":{"self":[{"href":"https:\/\/www.talento-stem.es\/index.php\/wp-json\/wp\/v2\/pages\/212","targetHints":{"allow":["GET"]}}],"collection":[{"href":"https:\/\/www.talento-stem.es\/index.php\/wp-json\/wp\/v2\/pages"}],"about":[{"href":"https:\/\/www.talento-stem.es\/index.php\/wp-json\/wp\/v2\/types\/page"}],"author":[{"embeddable":true,"href":"https:\/\/www.talento-stem.es\/index.php\/wp-json\/wp\/v2\/users\/1"}],"replies":[{"embeddable":true,"href":"https:\/\/www.talento-stem.es\/index.php\/wp-json\/wp\/v2\/comments?post=212"}],"version-history":[{"count":18,"href":"https:\/\/www.talento-stem.es\/index.php\/wp-json\/wp\/v2\/pages\/212\/revisions"}],"predecessor-version":[{"id":1140,"href":"https:\/\/www.talento-stem.es\/index.php\/wp-json\/wp\/v2\/pages\/212\/revisions\/1140"}],"wp:attachment":[{"href":"https:\/\/www.talento-stem.es\/index.php\/wp-json\/wp\/v2\/media?parent=212"}],"curies":[{"name":"wp","href":"https:\/\/api.w.org\/{rel}","templated":true}]}}