{"id":1256,"date":"2026-03-28T13:01:34","date_gmt":"2026-03-28T13:01:34","guid":{"rendered":"https:\/\/www.talento-stem.es\/?page_id=1256"},"modified":"2026-04-02T16:08:52","modified_gmt":"2026-04-02T16:08:52","slug":"olimpiada-internacional-de-logica","status":"publish","type":"page","link":"https:\/\/www.talento-stem.es\/index.php\/olimpiada-internacional-de-logica\/","title":{"rendered":"Olimpiada Internacional de L\u00f3gica"},"content":{"rendered":"\n<p><strong>El Inicio de la ILO<\/strong><\/p>\n\n\n\n<p>La Olimpiada Internacional de L\u00f3gica (International Logic Olympiad) comenz\u00f3 en 2024 como una colaboraci\u00f3n entre la Universidad de Stanford y Luminas, una organizaci\u00f3n sin \u00e1nimo de lucro 501(c)(3).<\/p>\n\n\n\n<p>Al igual que las matem\u00e1ticas y el lenguaje, la l\u00f3gica forma parte de la base fundamental de la sociedad y puede que incluso se utilice a\u00fan m\u00e1s. Sin embargo, la l\u00f3gica sigue estando gravemente infrarrepresentada en la educaci\u00f3n moderna. Debido a esta carencia, creamos la ILO para resaltar la importancia del razonamiento l\u00f3gico y la resoluci\u00f3n de problemas.<\/p>\n\n\n\n<figure class=\"wp-block-image size-large\"><img loading=\"lazy\" decoding=\"async\" width=\"1024\" height=\"683\" src=\"https:\/\/www.talento-stem.es\/wp-content\/uploads\/2026\/03\/png-1-1-1024x683.png\" alt=\"\" class=\"wp-image-1268\" srcset=\"https:\/\/www.talento-stem.es\/wp-content\/uploads\/2026\/03\/png-1-1-1024x683.png 1024w, https:\/\/www.talento-stem.es\/wp-content\/uploads\/2026\/03\/png-1-1-300x200.png 300w, https:\/\/www.talento-stem.es\/wp-content\/uploads\/2026\/03\/png-1-1-768x512.png 768w, https:\/\/www.talento-stem.es\/wp-content\/uploads\/2026\/03\/png-1-1-1536x1024.png 1536w, https:\/\/www.talento-stem.es\/wp-content\/uploads\/2026\/03\/png-1-1-2048x1365.png 2048w, https:\/\/www.talento-stem.es\/wp-content\/uploads\/2026\/03\/png-1-1-600x400.png 600w, https:\/\/www.talento-stem.es\/wp-content\/uploads\/2026\/03\/png-1-1-1200x800.png 1200w, https:\/\/www.talento-stem.es\/wp-content\/uploads\/2026\/03\/png-1-1-1980x1320.png 1980w\" sizes=\"auto, (max-width: 1024px) 100vw, 1024px\" \/><\/figure>\n\n\n\n<div class=\"wp-block-genesis-blocks-gb-columns gb-layout-columns-2 gb-2-col-equal\"><div class=\"gb-layout-column-wrap gb-block-layout-column-gap-2 gb-is-responsive-column\">\n<div class=\"wp-block-genesis-blocks-gb-column gb-block-layout-column\"><div class=\"gb-block-layout-column-inner\">\n<figure class=\"wp-block-image size-large\"><img loading=\"lazy\" decoding=\"async\" width=\"1024\" height=\"724\" src=\"https:\/\/www.talento-stem.es\/wp-content\/uploads\/2026\/04\/organizan-2-1024x724.png\" alt=\"\" class=\"wp-image-1309\" srcset=\"https:\/\/www.talento-stem.es\/wp-content\/uploads\/2026\/04\/organizan-2-1024x724.png 1024w, https:\/\/www.talento-stem.es\/wp-content\/uploads\/2026\/04\/organizan-2-300x212.png 300w, https:\/\/www.talento-stem.es\/wp-content\/uploads\/2026\/04\/organizan-2-768x543.png 768w, https:\/\/www.talento-stem.es\/wp-content\/uploads\/2026\/04\/organizan-2-1536x1086.png 1536w, https:\/\/www.talento-stem.es\/wp-content\/uploads\/2026\/04\/organizan-2-1200x848.png 1200w, https:\/\/www.talento-stem.es\/wp-content\/uploads\/2026\/04\/organizan-2-1980x1400.png 1980w, https:\/\/www.talento-stem.es\/wp-content\/uploads\/2026\/04\/organizan-2.png 2000w\" sizes=\"auto, (max-width: 1024px) 100vw, 1024px\" \/><\/figure>\n<\/div><\/div>\n\n\n\n<div class=\"wp-block-genesis-blocks-gb-column gb-block-layout-column\"><div class=\"gb-block-layout-column-inner\">\n<figure class=\"wp-block-image size-large\"><img loading=\"lazy\" decoding=\"async\" width=\"1024\" height=\"724\" src=\"https:\/\/www.talento-stem.es\/wp-content\/uploads\/2026\/03\/patrocinan-2-1024x724.png\" alt=\"\" class=\"wp-image-1296\" srcset=\"https:\/\/www.talento-stem.es\/wp-content\/uploads\/2026\/03\/patrocinan-2-1024x724.png 1024w, https:\/\/www.talento-stem.es\/wp-content\/uploads\/2026\/03\/patrocinan-2-300x212.png 300w, https:\/\/www.talento-stem.es\/wp-content\/uploads\/2026\/03\/patrocinan-2-768x543.png 768w, https:\/\/www.talento-stem.es\/wp-content\/uploads\/2026\/03\/patrocinan-2-1536x1086.png 1536w, https:\/\/www.talento-stem.es\/wp-content\/uploads\/2026\/03\/patrocinan-2-1200x848.png 1200w, https:\/\/www.talento-stem.es\/wp-content\/uploads\/2026\/03\/patrocinan-2-1980x1400.png 1980w, https:\/\/www.talento-stem.es\/wp-content\/uploads\/2026\/03\/patrocinan-2.png 2000w\" sizes=\"auto, (max-width: 1024px) 100vw, 1024px\" \/><\/figure>\n<\/div><\/div>\n<\/div><\/div>\n\n\n\n<figure class=\"wp-block-image size-large is-resized\"><img loading=\"lazy\" decoding=\"async\" width=\"1024\" height=\"724\" src=\"https:\/\/www.talento-stem.es\/wp-content\/uploads\/2026\/03\/colaboran-1-1024x724.png\" alt=\"\" class=\"wp-image-1297\" style=\"aspect-ratio:1.4143902615752482;width:240px;height:auto\" srcset=\"https:\/\/www.talento-stem.es\/wp-content\/uploads\/2026\/03\/colaboran-1-1024x724.png 1024w, https:\/\/www.talento-stem.es\/wp-content\/uploads\/2026\/03\/colaboran-1-300x212.png 300w, https:\/\/www.talento-stem.es\/wp-content\/uploads\/2026\/03\/colaboran-1-768x543.png 768w, https:\/\/www.talento-stem.es\/wp-content\/uploads\/2026\/03\/colaboran-1-1536x1086.png 1536w, https:\/\/www.talento-stem.es\/wp-content\/uploads\/2026\/03\/colaboran-1-1200x848.png 1200w, https:\/\/www.talento-stem.es\/wp-content\/uploads\/2026\/03\/colaboran-1-1980x1400.png 1980w, https:\/\/www.talento-stem.es\/wp-content\/uploads\/2026\/03\/colaboran-1.png 2000w\" sizes=\"auto, (max-width: 1024px) 100vw, 1024px\" \/><\/figure>\n\n\n\n<div class=\"wp-block-genesis-blocks-gb-columns gb-layout-columns-1 one-column\"><div class=\"gb-layout-column-wrap gb-block-layout-column-gap-2 gb-is-responsive-column\">\n<div class=\"wp-block-genesis-blocks-gb-column gb-block-layout-column\"><div class=\"gb-block-layout-column-inner\">\n<figure class=\"wp-block-video\"><video controls src=\"https:\/\/www.talento-stem.es\/wp-content\/uploads\/2026\/03\/testimonialv2.mp4\"><\/video><\/figure>\n<\/div><\/div>\n<\/div><\/div>\n\n\n\n<div class=\"wp-block-columns is-layout-flex wp-container-core-columns-is-layout-9d6595d7 wp-block-columns-is-layout-flex\">\n<div class=\"wp-block-column is-layout-flow wp-block-column-is-layout-flow\">\n<div class=\"wp-block-media-text is-stacked-on-mobile\" style=\"grid-template-columns:85% auto\"><figure class=\"wp-block-media-text__media\"><img loading=\"lazy\" decoding=\"async\" width=\"1024\" height=\"576\" src=\"https:\/\/www.talento-stem.es\/wp-content\/uploads\/2026\/03\/ILO-1024x576.png\" alt=\"\" class=\"wp-image-1304 size-full\" srcset=\"https:\/\/www.talento-stem.es\/wp-content\/uploads\/2026\/03\/ILO-1024x576.png 1024w, https:\/\/www.talento-stem.es\/wp-content\/uploads\/2026\/03\/ILO-300x169.png 300w, https:\/\/www.talento-stem.es\/wp-content\/uploads\/2026\/03\/ILO-768x432.png 768w, https:\/\/www.talento-stem.es\/wp-content\/uploads\/2026\/03\/ILO-1536x864.png 1536w, https:\/\/www.talento-stem.es\/wp-content\/uploads\/2026\/03\/ILO-1200x675.png 1200w, https:\/\/www.talento-stem.es\/wp-content\/uploads\/2026\/03\/ILO.png 1920w\" sizes=\"auto, (max-width: 1024px) 100vw, 1024px\" \/><\/figure><div class=\"wp-block-media-text__content\">\n<p><\/p>\n<\/div><\/div>\n\n\n\n<div class=\"wp-block-columns is-layout-flex wp-container-core-columns-is-layout-9d6595d7 wp-block-columns-is-layout-flex\">\n<div class=\"wp-block-column is-layout-flow wp-block-column-is-layout-flow\">\n<div class=\"wp-block-media-text is-stacked-on-mobile\" style=\"grid-template-columns:85% auto\"><figure class=\"wp-block-media-text__media\"><img loading=\"lazy\" decoding=\"async\" width=\"1024\" height=\"576\" src=\"https:\/\/www.talento-stem.es\/wp-content\/uploads\/2026\/03\/ILO-1-1024x576.png\" alt=\"\" class=\"wp-image-1303 size-full\" srcset=\"https:\/\/www.talento-stem.es\/wp-content\/uploads\/2026\/03\/ILO-1-1024x576.png 1024w, https:\/\/www.talento-stem.es\/wp-content\/uploads\/2026\/03\/ILO-1-300x169.png 300w, https:\/\/www.talento-stem.es\/wp-content\/uploads\/2026\/03\/ILO-1-768x432.png 768w, https:\/\/www.talento-stem.es\/wp-content\/uploads\/2026\/03\/ILO-1-1536x864.png 1536w, https:\/\/www.talento-stem.es\/wp-content\/uploads\/2026\/03\/ILO-1-1200x675.png 1200w, https:\/\/www.talento-stem.es\/wp-content\/uploads\/2026\/03\/ILO-1.png 1920w\" sizes=\"auto, (max-width: 1024px) 100vw, 1024px\" \/><\/figure><div class=\"wp-block-media-text__content\">\n<p><\/p>\n<\/div><\/div>\n<\/div>\n<\/div>\n<\/div>\n<\/div>\n","protected":false},"excerpt":{"rendered":"<p>El Inicio de la ILO La Olimpiada Internacional de L\u00f3gica (International Logic Olympiad) comenz\u00f3 en 2024 como una colaboraci\u00f3n entre la Universidad de Stanford y Luminas, una organizaci\u00f3n sin \u00e1nimo [&hellip;]<\/p>\n","protected":false},"author":3,"featured_media":1260,"parent":0,"menu_order":0,"comment_status":"closed","ping_status":"closed","template":"","meta":{"footnotes":""},"class_list":["post-1256","page","type-page","status-publish","has-post-thumbnail","hentry"],"featured_image_src":"https:\/\/www.talento-stem.es\/wp-content\/uploads\/2026\/03\/Diseno_sin_titulo-12-1-600x400.png","featured_image_src_square":"https:\/\/www.talento-stem.es\/wp-content\/uploads\/2026\/03\/Diseno_sin_titulo-12-1-600x600.png","_links":{"self":[{"href":"https:\/\/www.talento-stem.es\/index.php\/wp-json\/wp\/v2\/pages\/1256","targetHints":{"allow":["GET"]}}],"collection":[{"href":"https:\/\/www.talento-stem.es\/index.php\/wp-json\/wp\/v2\/pages"}],"about":[{"href":"https:\/\/www.talento-stem.es\/index.php\/wp-json\/wp\/v2\/types\/page"}],"author":[{"embeddable":true,"href":"https:\/\/www.talento-stem.es\/index.php\/wp-json\/wp\/v2\/users\/3"}],"replies":[{"embeddable":true,"href":"https:\/\/www.talento-stem.es\/index.php\/wp-json\/wp\/v2\/comments?post=1256"}],"version-history":[{"count":19,"href":"https:\/\/www.talento-stem.es\/index.php\/wp-json\/wp\/v2\/pages\/1256\/revisions"}],"predecessor-version":[{"id":1310,"href":"https:\/\/www.talento-stem.es\/index.php\/wp-json\/wp\/v2\/pages\/1256\/revisions\/1310"}],"wp:featuredmedia":[{"embeddable":true,"href":"https:\/\/www.talento-stem.es\/index.php\/wp-json\/wp\/v2\/media\/1260"}],"wp:attachment":[{"href":"https:\/\/www.talento-stem.es\/index.php\/wp-json\/wp\/v2\/media?parent=1256"}],"curies":[{"name":"wp","href":"https:\/\/api.w.org\/{rel}","templated":true}]}}