{"id":234,"date":"2024-07-22T10:00:04","date_gmt":"2024-07-22T10:00:04","guid":{"rendered":"https:\/\/www.talento-stem.es\/?page_id=234"},"modified":"2024-09-23T07:54:08","modified_gmt":"2024-09-23T07:54:08","slug":"colaboradores","status":"publish","type":"page","link":"http:\/\/www.talento-stem.es\/index.php\/colaboradores\/","title":{"rendered":"Colaboradores"},"content":{"rendered":"\n<div class=\"wp-block-cover alignfull\"><span aria-hidden=\"true\" class=\"wp-block-cover__background has-primary-background-color has-background-dim-70 has-background-dim\"><\/span><img loading=\"lazy\" decoding=\"async\" width=\"2560\" height=\"2560\" class=\"wp-block-cover__image-background wp-image-499\" alt=\"\" src=\"https:\/\/www.talento-stem.es\/wp-content\/uploads\/2024\/07\/alvin-mahmudov-RgAUYSTa0NI-unsplash-1-scaled.jpg\" data-object-fit=\"cover\" srcset=\"http:\/\/www.talento-stem.es\/wp-content\/uploads\/2024\/07\/alvin-mahmudov-RgAUYSTa0NI-unsplash-1-scaled.jpg 2560w, http:\/\/www.talento-stem.es\/wp-content\/uploads\/2024\/07\/alvin-mahmudov-RgAUYSTa0NI-unsplash-1-300x300.jpg 300w, http:\/\/www.talento-stem.es\/wp-content\/uploads\/2024\/07\/alvin-mahmudov-RgAUYSTa0NI-unsplash-1-1024x1024.jpg 1024w, http:\/\/www.talento-stem.es\/wp-content\/uploads\/2024\/07\/alvin-mahmudov-RgAUYSTa0NI-unsplash-1-150x150.jpg 150w, http:\/\/www.talento-stem.es\/wp-content\/uploads\/2024\/07\/alvin-mahmudov-RgAUYSTa0NI-unsplash-1-768x768.jpg 768w, http:\/\/www.talento-stem.es\/wp-content\/uploads\/2024\/07\/alvin-mahmudov-RgAUYSTa0NI-unsplash-1-1536x1536.jpg 1536w, http:\/\/www.talento-stem.es\/wp-content\/uploads\/2024\/07\/alvin-mahmudov-RgAUYSTa0NI-unsplash-1-2048x2048.jpg 2048w, http:\/\/www.talento-stem.es\/wp-content\/uploads\/2024\/07\/alvin-mahmudov-RgAUYSTa0NI-unsplash-1-600x600.jpg 600w, http:\/\/www.talento-stem.es\/wp-content\/uploads\/2024\/07\/alvin-mahmudov-RgAUYSTa0NI-unsplash-1-1200x1200.jpg 1200w, http:\/\/www.talento-stem.es\/wp-content\/uploads\/2024\/07\/alvin-mahmudov-RgAUYSTa0NI-unsplash-1-1980x1980.jpg 1980w\" sizes=\"auto, (max-width: 2560px) 100vw, 2560px\" \/><div class=\"wp-block-cover__inner-container is-layout-constrained wp-block-cover-is-layout-constrained\">\n<h5 class=\"wp-block-heading has-text-align-center has-large-font-size\">Colaboradores<\/h5>\n\n\n\n<div class=\"wp-block-group alignwide\"><div class=\"wp-block-group__inner-container is-layout-constrained wp-block-group-is-layout-constrained\">\n<div class=\"wp-block-columns is-layout-flex wp-container-core-columns-is-layout-9d6595d7 wp-block-columns-is-layout-flex\">\n<div class=\"wp-block-column is-layout-flow wp-block-column-is-layout-flow\" style=\"flex-basis:100%\">\n<div class=\"wp-block-columns alignfull is-layout-flex wp-container-core-columns-is-layout-9d6595d7 wp-block-columns-is-layout-flex\">\n<div class=\"wp-block-column is-layout-flow wp-block-column-is-layout-flow\" style=\"flex-basis:100%\">\n<p class=\"has-text-align-center\"><strong>En este espacio queremos reconocer y agradecer a todas las personas, organizaciones y empresas que siempre nos han brindado su apoyo incondicional.<\/strong><\/p>\n<\/div>\n<\/div>\n<\/div>\n<\/div>\n<\/div><\/div>\n<\/div><\/div>\n\n\n\n<div class=\"wp-block-media-text alignwide is-stacked-on-mobile has-background-background-color has-background\"><figure class=\"wp-block-media-text__media\"><img loading=\"lazy\" decoding=\"async\" width=\"1024\" height=\"576\" src=\"https:\/\/www.talento-stem.es\/wp-content\/uploads\/2024\/07\/Tecnovation-2024-46-PEQ-1024x576.jpg\" alt=\"\" class=\"wp-image-501 size-full\" srcset=\"http:\/\/www.talento-stem.es\/wp-content\/uploads\/2024\/07\/Tecnovation-2024-46-PEQ-1024x576.jpg 1024w, http:\/\/www.talento-stem.es\/wp-content\/uploads\/2024\/07\/Tecnovation-2024-46-PEQ-300x169.jpg 300w, http:\/\/www.talento-stem.es\/wp-content\/uploads\/2024\/07\/Tecnovation-2024-46-PEQ-768x432.jpg 768w, http:\/\/www.talento-stem.es\/wp-content\/uploads\/2024\/07\/Tecnovation-2024-46-PEQ-1536x864.jpg 1536w, http:\/\/www.talento-stem.es\/wp-content\/uploads\/2024\/07\/Tecnovation-2024-46-PEQ-2048x1152.jpg 2048w, http:\/\/www.talento-stem.es\/wp-content\/uploads\/2024\/07\/Tecnovation-2024-46-PEQ-1200x675.jpg 1200w, http:\/\/www.talento-stem.es\/wp-content\/uploads\/2024\/07\/Tecnovation-2024-46-PEQ-1980x1114.jpg 1980w\" sizes=\"auto, (max-width: 1024px) 100vw, 1024px\" \/><\/figure><div class=\"wp-block-media-text__content\">\n<p><\/p>\n\n\n\n<p class=\"has-text-align-center\">En un mundo en constante evoluci\u00f3n tecnol\u00f3gica, es crucial fomentar la diversidad y la inclusi\u00f3n.<\/p>\n\n\n\n<p class=\"has-text-align-center\">Nada de esto ser\u00eda posible sin la valiosa colaboraci\u00f3n de nuestros patrocinadores. Cada uno de ellos ha demostrado un compromiso ejemplar con la causa, aportando recursos, conocimiento y apoyo financiero que han sido esenciales para materializar nuestras iniciativas. Su generosidad no solo impulsa el progreso de las participantes, sino que tambi\u00e9n contribuye a cerrar la brecha de g\u00e9nero en el sector tecnol\u00f3gico, promoviendo un futuro m\u00e1s equitativo y diverso.<\/p>\n\n\n\n<p class=\"has-text-align-center\">Te invitamos a conocer m\u00e1s sobre cada uno de nuestros colaboradores y a descubrir el impacto significativo de su contribuci\u00f3n. Gracias a ellos, seguimos construyendo un camino hacia un mundo tecnol\u00f3gico m\u00e1s inclusivo y lleno de oportunidades para todas.<\/p>\n<\/div><\/div>\n\n\n\n<h5 class=\"wp-block-heading alignwide has-text-align-center has-primary-color has-text-color has-link-color wp-elements-d435bd8557d16528b7be25a90794e2ff\">Empresas que colaboran con Talento Steam<\/h5>\n\n\n\n<figure class=\"wp-block-image alignwide size-full is-style-default\"><img loading=\"lazy\" decoding=\"async\" width=\"2835\" height=\"2123\" src=\"https:\/\/www.talento-stem.es\/wp-content\/uploads\/2024\/08\/colaboradores2.png\" alt=\"\" class=\"wp-image-662\" srcset=\"http:\/\/www.talento-stem.es\/wp-content\/uploads\/2024\/08\/colaboradores2.png 2835w, http:\/\/www.talento-stem.es\/wp-content\/uploads\/2024\/08\/colaboradores2-300x225.png 300w, http:\/\/www.talento-stem.es\/wp-content\/uploads\/2024\/08\/colaboradores2-1024x767.png 1024w, http:\/\/www.talento-stem.es\/wp-content\/uploads\/2024\/08\/colaboradores2-768x575.png 768w, http:\/\/www.talento-stem.es\/wp-content\/uploads\/2024\/08\/colaboradores2-1536x1150.png 1536w, http:\/\/www.talento-stem.es\/wp-content\/uploads\/2024\/08\/colaboradores2-2048x1534.png 2048w, http:\/\/www.talento-stem.es\/wp-content\/uploads\/2024\/08\/colaboradores2-1200x899.png 1200w, http:\/\/www.talento-stem.es\/wp-content\/uploads\/2024\/08\/colaboradores2-1980x1483.png 1980w\" sizes=\"auto, (max-width: 2835px) 100vw, 2835px\" \/><\/figure>\n\n\n\n<p class=\"has-text-align-center has-secondary-color has-text-color has-link-color has-normal-font-size wp-elements-5e0945b0e755bb7427b2cc9ac2fce32e\"><strong>\u00a1Un mill\u00f3n de gracias a todas!<\/strong><\/p>\n\n\n\n<div style=\"height:100px\" aria-hidden=\"true\" class=\"wp-block-spacer\"><\/div>\n\n\n<div class=\"wp-block-image\">\n<figure class=\"aligncenter size-full is-resized\"><a href=\"https:\/\/www.talento-stem.es\/\"><img loading=\"lazy\" decoding=\"async\" width=\"338\" height=\"105\" src=\"http:\/\/www.talento-stem.es\/wp-content\/uploads\/2024\/08\/cropped-Recurso-1.png\" alt=\"\" class=\"wp-image-620\" style=\"width:186px;height:auto\" srcset=\"http:\/\/www.talento-stem.es\/wp-content\/uploads\/2024\/08\/cropped-Recurso-1.png 338w, http:\/\/www.talento-stem.es\/wp-content\/uploads\/2024\/08\/cropped-Recurso-1-300x93.png 300w\" sizes=\"auto, (max-width: 338px) 100vw, 338px\" \/><\/a><\/figure>\n<\/div>\n\n\n<p class=\"has-text-align-center\"><\/p>\n","protected":false},"excerpt":{"rendered":"<p>En un mundo en constante evoluci\u00f3n tecnol\u00f3gica, es crucial fomentar la diversidad y la inclusi\u00f3n. Nada de esto ser\u00eda posible sin la valiosa colaboraci\u00f3n de nuestros patrocinadores. Cada uno de [&hellip;]<\/p>\n","protected":false},"author":1,"featured_media":0,"parent":0,"menu_order":0,"comment_status":"closed","ping_status":"closed","template":"","meta":{"footnotes":""},"class_list":["post-234","page","type-page","status-publish","hentry"],"featured_image_src":null,"featured_image_src_square":null,"_links":{"self":[{"href":"http:\/\/www.talento-stem.es\/index.php\/wp-json\/wp\/v2\/pages\/234","targetHints":{"allow":["GET"]}}],"collection":[{"href":"http:\/\/www.talento-stem.es\/index.php\/wp-json\/wp\/v2\/pages"}],"about":[{"href":"http:\/\/www.talento-stem.es\/index.php\/wp-json\/wp\/v2\/types\/page"}],"author":[{"embeddable":true,"href":"http:\/\/www.talento-stem.es\/index.php\/wp-json\/wp\/v2\/users\/1"}],"replies":[{"embeddable":true,"href":"http:\/\/www.talento-stem.es\/index.php\/wp-json\/wp\/v2\/comments?post=234"}],"version-history":[{"count":11,"href":"http:\/\/www.talento-stem.es\/index.php\/wp-json\/wp\/v2\/pages\/234\/revisions"}],"predecessor-version":[{"id":1132,"href":"http:\/\/www.talento-stem.es\/index.php\/wp-json\/wp\/v2\/pages\/234\/revisions\/1132"}],"wp:attachment":[{"href":"http:\/\/www.talento-stem.es\/index.php\/wp-json\/wp\/v2\/media?parent=234"}],"curies":[{"name":"wp","href":"https:\/\/api.w.org\/{rel}","templated":true}]}}